{"id":946,"date":"2014-05-27T02:46:36","date_gmt":"2014-05-27T02:46:36","guid":{"rendered":"http:\/\/keed.cl\/geologia\/?page_id=946"},"modified":"2014-12-29T18:59:14","modified_gmt":"2014-12-29T18:59:14","slug":"laboratorio","status":"publish","type":"page","link":"https:\/\/geologia.uct.cl\/?page_id=946","title":{"rendered":"Laboratorios"},"content":{"rendered":"<p><img loading=\"lazy\" decoding=\"async\" class=\"wp-image-117 alignleft\" style=\"margin-left: 20px; margin-right: 20px;\" src=\"http:\/\/rdasociados.cl\/test\/uct_geol\/wp-content\/uploads\/2014\/06\/Lab.jpg\" alt=\"\" width=\"350\" height=\"300\" \/><\/p>\n<div style=\"line-height: 2em; text-align: justify;\">Dada nuestra ubicaci\u00f3n geogr\u00e1fica, existen riesgos naturales asociados y recursos naturales propios de la macro zona centro-sur. En ese sentido, la carrera apunta a ser un apoyo en la generaci\u00f3n de estudios en la regi\u00f3n, que mitiguen los desastres relacionados con eventos naturales y se aprovechen mejor los recursos energ\u00e9ticos renovables. Sin perjuicio de lo anterior, se realizan salidas a terreno no s\u00f3lo focalizadas en la zona sur sino cubriendo gran parte de Chile, para un desarrollo profesional amplio y completo.Nuestra malla integra cursos que utilizan tecnolog\u00eda de \u00faltima generaci\u00f3n, complementando el trabajo de terreno. Contamos para esto con un laboratorio de Geom\u00e1tica, en el cual se pueden realizar estudios de evaluaci\u00f3n ambiental, monitoreo de aguas, geo estructural, riesgo, mapeo geol\u00f3gico, etc., y un laboratorio equipado para estudio y an\u00e1lisis de rocas y minerales, tanto en muestra de mano como de cortes transparentes. El principal objetivo del laboratorio es poner a disposici\u00f3n de los alumnos de pregrado los equipos y herramientas te\u00f3ricas necesarias que les permitan adquirir y desarrollar conocimientos en las diferentes \u00e1reas de la Geolog\u00eda para su especializaci\u00f3n.<\/p>\n<\/div>\n","protected":false},"excerpt":{"rendered":"<p>Dada nuestra ubicaci\u00f3n geogr\u00e1fica, existen riesgos naturales asociados y recursos naturales propios de la macro zona centro-sur. En ese sentido, la carrera apunta a ser un apoyo en la generaci\u00f3n de estudios en la regi\u00f3n, que mitiguen los desastres relacionados con eventos naturales y se aprovechen mejor los recursos energ\u00e9ticos renovables. Sin perjuicio de lo anterior, se realizan salidas a terreno no s\u00f3lo focalizadas en la zona sur sino cubriendo [&hellip;]<\/p>\n","protected":false},"author":1,"featured_media":0,"parent":0,"menu_order":0,"comment_status":"closed","ping_status":"closed","template":"","meta":{"_exactmetrics_skip_tracking":false,"_exactmetrics_sitenote_active":false,"_exactmetrics_sitenote_note":"","_exactmetrics_sitenote_category":0,"footnotes":""},"class_list":["post-946","page","type-page","status-publish","hentry"],"_links":{"self":[{"href":"https:\/\/geologia.uct.cl\/index.php?rest_route=\/wp\/v2\/pages\/946"}],"collection":[{"href":"https:\/\/geologia.uct.cl\/index.php?rest_route=\/wp\/v2\/pages"}],"about":[{"href":"https:\/\/geologia.uct.cl\/index.php?rest_route=\/wp\/v2\/types\/page"}],"author":[{"embeddable":true,"href":"https:\/\/geologia.uct.cl\/index.php?rest_route=\/wp\/v2\/users\/1"}],"replies":[{"embeddable":true,"href":"https:\/\/geologia.uct.cl\/index.php?rest_route=%2Fwp%2Fv2%2Fcomments&post=946"}],"version-history":[{"count":17,"href":"https:\/\/geologia.uct.cl\/index.php?rest_route=\/wp\/v2\/pages\/946\/revisions"}],"predecessor-version":[{"id":1296,"href":"https:\/\/geologia.uct.cl\/index.php?rest_route=\/wp\/v2\/pages\/946\/revisions\/1296"}],"wp:attachment":[{"href":"https:\/\/geologia.uct.cl\/index.php?rest_route=%2Fwp%2Fv2%2Fmedia&parent=946"}],"curies":[{"name":"wp","href":"https:\/\/api.w.org\/{rel}","templated":true}]}}