{"id":53,"date":"2014-04-08T22:22:14","date_gmt":"2014-04-08T22:22:14","guid":{"rendered":"http:\/\/keed.cl\/geografia\/?page_id=53"},"modified":"2018-03-09T17:18:19","modified_gmt":"2018-03-09T17:18:19","slug":"docentes","status":"publish","type":"page","link":"https:\/\/geologia.uct.cl\/?page_id=53","title":{"rendered":"Docentes"},"content":{"rendered":"<p><img decoding=\"async\" class=\"aligncenter\" src=\"https:\/\/geologia.uct.cl\/wp-content\/uploads\/2017\/09\/Nueva-imagen-1.png\" \/><\/p>\n<p style=\"text-align: center;\"><strong>Georgette Mell Salazar<\/strong><br \/>\nJefa de carrera. Ge\u00f3loga\u00a0\u00a0Universidad Cat\u00f3lica del Norte (UCN), Antofagasta.<br \/>\nProfesor Instructor<br \/>\nEmail: gmell@uctemuco.cl<br \/>\nContacto: +56 45 2205698<\/p>\n[\/vc_column_text][\/vc_column][\/vc_row]<div class=\"vc_row wpb_row vc_row-fluid\"><div class=\"wpb_column vc_column_container vc_col-sm-3\"><div class=\"wpb_wrapper\">\n\t<div class=\"wpb_single_image wpb_content_element vc_align_center\">\n\t\t<div class=\"wpb_wrapper\">\n\t\t\t\n\t\t\t<div class=\"vc_single_image-wrapper vc_box_border_circle  vc_box_border_grey\"><img loading=\"lazy\" decoding=\"async\" width=\"336\" height=\"448\" src=\"https:\/\/geologia.uct.cl\/wp-content\/uploads\/2017\/09\/Nueva-imagen-1.jpg\" class=\"vc_single_image-img attachment-full\" alt=\"\" \/><\/div>\n\t\t<\/div>\n\t<\/div>\n\n\t<div class=\"wpb_text_column wpb_content_element \">\n\t\t<div class=\"wpb_wrapper\">\n\t\t\t<p style=\"text-align: center;\"><strong>Dr. Haroldo Lled\u00f3 V\u00e1squez.<br \/>\n<\/strong>Ge\u00f3logo. Dr. en Ciencias Geol\u00f3gicas (Binghamton University, USA) T\u00edtulo de Ge\u00f3logo y Mag\u00edster en Ciencias menci\u00f3n Geolog\u00eda\u00a0 (Universidad de Chile) Post-Doc (University of Nevada Las Vegas, USA).<br \/>\nDirector de Carrera<br \/>\nEmail: hlledo@uctemuco.cl<br \/>\nContacto: +56 45 2205563<\/p>\n\n\t\t<\/div>\n\t<\/div>\n<\/div><\/div><\/div><div class=\"vc_row wpb_row vc_row-fluid\"><div class=\"wpb_column vc_column_container vc_col-sm-3\"><div class=\"wpb_wrapper\">\n\t<div class=\"wpb_single_image wpb_content_element vc_align_center\">\n\t\t<div class=\"wpb_wrapper\">\n\t\t\t\n\t\t\t<div class=\"vc_single_image-wrapper vc_box_border_circle  vc_box_border_grey\"><img loading=\"lazy\" decoding=\"async\" width=\"315\" height=\"317\" src=\"https:\/\/geologia.uct.cl\/wp-content\/uploads\/2017\/09\/Nueva-imagen.jpg\" class=\"vc_single_image-img attachment-full\" alt=\"\" srcset=\"https:\/\/geologia.uct.cl\/wp-content\/uploads\/2017\/09\/Nueva-imagen.jpg 315w, https:\/\/geologia.uct.cl\/wp-content\/uploads\/2017\/09\/Nueva-imagen-150x150.jpg 150w\" sizes=\"(max-width: 315px) 100vw, 315px\" \/><\/div>\n\t\t<\/div>\n\t<\/div>\n\n\t<div class=\"wpb_text_column wpb_content_element \">\n\t\t<div class=\"wpb_wrapper\">\n\t\t\t<p style=\"text-align: center;\"><strong>Dra. Elisa Leonor Ram\u00edrez\u00a0S\u00e1nchez.<\/strong><br \/>\nGe\u00f3loga. Dra.\u00a0en Ciencias Menci\u00f3n geolog\u00eda Universidad de Chile (t\u00edtulo y Doctorado)\u00a0Postdoc en rocas intrusivas en el CICESE, M\u00e9xico<br \/>\nProfesor asistente<br \/>\nEmail: eramirez@uctemuco.cl<br \/>\nContacto: +56 45 2205563<\/p>\n\n\t\t<\/div>\n\t<\/div>\n<\/div><\/div><\/div><div class=\"vc_row wpb_row vc_row-fluid\"><div class=\"wpb_column vc_column_container vc_col-sm-3\"><div class=\"wpb_wrapper\">\n\t<div class=\"wpb_single_image wpb_content_element vc_align_center\">\n\t\t<div class=\"wpb_wrapper\">\n\t\t\t\n\t\t\t<div class=\"vc_single_image-wrapper vc_box_border_circle  vc_box_border_grey\"><img loading=\"lazy\" decoding=\"async\" width=\"317\" height=\"316\" src=\"https:\/\/geologia.uct.cl\/wp-content\/uploads\/2017\/09\/Nueva-imagen.png\" class=\"vc_single_image-img attachment-full\" alt=\"\" srcset=\"https:\/\/geologia.uct.cl\/wp-content\/uploads\/2017\/09\/Nueva-imagen.png 317w, https:\/\/geologia.uct.cl\/wp-content\/uploads\/2017\/09\/Nueva-imagen-150x150.png 150w\" sizes=\"(max-width: 317px) 100vw, 317px\" \/><\/div>\n\t\t<\/div>\n\t<\/div>\n\n\t<div class=\"wpb_text_column wpb_content_element \">\n\t\t<div class=\"wpb_wrapper\">\n\t\t\t<p style=\"text-align: center;\"><strong>Pablo Moreno Yaeger<\/strong><br \/>\nGe\u00f3logo y\u00a0Licenciado en Ciencias, Menci\u00f3n en Geolog\u00eda, Minor en Energ\u00edas Renovables, Universidad de Chile.<br \/>\nProfesor Adjunto<br \/>\nEmEmail: pmoreno@uctemuco.cl<br \/>\nContacto:+56 45 2553703<\/p>\n\n\t\t<\/div>\n\t<\/div>\n<\/div><\/div><div class=\"wpb_column vc_column_container vc_col-sm-3\"><div class=\"wpb_wrapper\">\n\t<div class=\"wpb_single_image wpb_content_element vc_align_center\">\n\t\t<div class=\"wpb_wrapper\">\n\t\t\t\n\t\t\t<div class=\"vc_single_image-wrapper vc_box_border_circle  vc_box_border_grey\"><img loading=\"lazy\" decoding=\"async\" width=\"308\" height=\"302\" src=\"https:\/\/geologia.uct.cl\/wp-content\/uploads\/2017\/09\/Nueva-imagen-1.bmp\" class=\"vc_single_image-img attachment-full\" alt=\"\" \/><\/div>\n\t\t<\/div>\n\t<\/div>\n\n\t<div class=\"wpb_text_column wpb_content_element \">\n\t\t<div class=\"wpb_wrapper\">\n\t\t\t<p style=\"text-align: center;\"><strong>Dr.\u00a0Claudio Tapia<\/strong><br \/>\nGe\u00f3logo y Mag\u00edster Universidad de Chile, Dr. Universidad de Otago (Nueva Zelandia).<br \/>\nProfesor Asistente<br \/>\nEmail: ctapia@uctemuco.cl<br \/>\nContacto:+56 45 2553703<\/p>\n\n\t\t<\/div>\n\t<\/div>\n<\/div><\/div><div class=\"wpb_column vc_column_container vc_col-sm-3\"><div class=\"wpb_wrapper\">\n\t<div class=\"wpb_single_image wpb_content_element vc_align_center\">\n\t\t<div class=\"wpb_wrapper\">\n\t\t\t\n\t\t\t<div class=\"vc_single_image-wrapper vc_box_border_circle  vc_box_border_grey\"><img loading=\"lazy\" decoding=\"async\" width=\"350\" height=\"336\" src=\"https:\/\/geologia.uct.cl\/wp-content\/uploads\/2017\/09\/Nueva-imagen-2.jpg\" class=\"vc_single_image-img attachment-full\" alt=\"\" \/><\/div>\n\t\t<\/div>\n\t<\/div>\n\n\t<div class=\"wpb_text_column wpb_content_element \">\n\t\t<div class=\"wpb_wrapper\">\n\t\t\t<p style=\"text-align: center;\"><strong>Magister. Felipe Orellana Solar <\/strong><br \/>\nMag\u00edster en Ciencias, Menci\u00f3n en Geolog\u00eda, Universidad de Chile<br \/>\nProfesor\u00a0Adjunto<br \/>\nEmail: forellana@uctemuco.cl<br \/>\nContacto: +56 45 2205486<\/p>\n\n\t\t<\/div>\n\t<\/div>\n<\/div><\/div><\/div>\n","protected":false},"excerpt":{"rendered":"<p>Georgette Mell Salazar Jefa de carrera. Ge\u00f3loga\u00a0\u00a0Universidad Cat\u00f3lica del Norte (UCN), Antofagasta. Profesor Instructor Email: gmell@uctemuco.cl Contacto: +56 45 2205698 [\/vc_column_text][\/vc_column][\/vc_row]<\/p>\n","protected":false},"author":1,"featured_media":0,"parent":0,"menu_order":0,"comment_status":"closed","ping_status":"closed","template":"","meta":{"_exactmetrics_skip_tracking":false,"_exactmetrics_sitenote_active":false,"_exactmetrics_sitenote_note":"","_exactmetrics_sitenote_category":0,"footnotes":""},"class_list":["post-53","page","type-page","status-publish","hentry"],"_links":{"self":[{"href":"https:\/\/geologia.uct.cl\/index.php?rest_route=\/wp\/v2\/pages\/53"}],"collection":[{"href":"https:\/\/geologia.uct.cl\/index.php?rest_route=\/wp\/v2\/pages"}],"about":[{"href":"https:\/\/geologia.uct.cl\/index.php?rest_route=\/wp\/v2\/types\/page"}],"author":[{"embeddable":true,"href":"https:\/\/geologia.uct.cl\/index.php?rest_route=\/wp\/v2\/users\/1"}],"replies":[{"embeddable":true,"href":"https:\/\/geologia.uct.cl\/index.php?rest_route=%2Fwp%2Fv2%2Fcomments&post=53"}],"version-history":[{"count":118,"href":"https:\/\/geologia.uct.cl\/index.php?rest_route=\/wp\/v2\/pages\/53\/revisions"}],"predecessor-version":[{"id":1413,"href":"https:\/\/geologia.uct.cl\/index.php?rest_route=\/wp\/v2\/pages\/53\/revisions\/1413"}],"wp:attachment":[{"href":"https:\/\/geologia.uct.cl\/index.php?rest_route=%2Fwp%2Fv2%2Fmedia&parent=53"}],"curies":[{"name":"wp","href":"https:\/\/api.w.org\/{rel}","templated":true}]}}