{"id":48,"date":"2014-04-08T22:19:39","date_gmt":"2014-04-08T22:19:39","guid":{"rendered":"http:\/\/keed.cl\/geografia\/?page_id=48"},"modified":"2014-10-10T15:48:56","modified_gmt":"2014-10-10T15:48:56","slug":"campo-ocupacional","status":"publish","type":"page","link":"https:\/\/geologia.uct.cl\/?page_id=48","title":{"rendered":"Campo Ocupacional"},"content":{"rendered":"<p><img loading=\"lazy\" decoding=\"async\" class=\"wp-image-117 alignleft\" style=\"margin-left: 20px; margin-right: 20px;\" alt=\"\" src=\"http:\/\/rdasociados.cl\/test\/uct_geol\/wp-content\/uploads\/2014\/05\/campo.jpg\" width=\"380\" height=\"320\" \/><\/p>\n<p style=\"text-align: justify;\">El Ge\u00f3logo de la Universidad Cat\u00f3lica de Temuco, puede desempe\u00f1arse tanto en el sector p\u00fablico como privado a lo largo de Chile, es as\u00ed como puede ejercer en:<\/p>\n<p>Universidades y Centros de investigaci\u00f3n.<br \/>\nOrganizaciones gubernamentales.<br \/>\nMunicipios y Gobiernos Regionales.<br \/>\nConsultoras de estudios ambientales, desarrollo regional y manejo de recursos naturales.<br \/>\nEmpresas de extracci\u00f3n de recursos naturales (minerales, h\u00eddricos y energ\u00e9ticos), desde exploraci\u00f3n hasta la explotaci\u00f3n de estos recursos.<br \/>\nOrganizaciones de desarrollo local, medio ambiente y estudios urbanos.<br \/>\nInstituciones de generaci\u00f3n y uso de sistemas de informaci\u00f3n geogr\u00e1ficos.<br \/>\nOrganizaciones internacionales relacionadas con el desarrollo y el medio ambiente.<\/p>\n","protected":false},"excerpt":{"rendered":"<p>El Ge\u00f3logo de la Universidad Cat\u00f3lica de Temuco, puede desempe\u00f1arse tanto en el sector p\u00fablico como privado a lo largo de Chile, es as\u00ed como puede ejercer en: Universidades y Centros de investigaci\u00f3n. Organizaciones gubernamentales. Municipios y Gobiernos Regionales. Consultoras de estudios ambientales, desarrollo regional y manejo de recursos naturales. Empresas de extracci\u00f3n de recursos naturales (minerales, h\u00eddricos y energ\u00e9ticos), desde exploraci\u00f3n hasta la explotaci\u00f3n de estos recursos. Organizaciones de [&hellip;]<\/p>\n","protected":false},"author":1,"featured_media":0,"parent":0,"menu_order":0,"comment_status":"open","ping_status":"open","template":"","meta":{"_exactmetrics_skip_tracking":false,"_exactmetrics_sitenote_active":false,"_exactmetrics_sitenote_note":"","_exactmetrics_sitenote_category":0,"footnotes":""},"class_list":["post-48","page","type-page","status-publish","hentry"],"_links":{"self":[{"href":"https:\/\/geologia.uct.cl\/index.php?rest_route=\/wp\/v2\/pages\/48"}],"collection":[{"href":"https:\/\/geologia.uct.cl\/index.php?rest_route=\/wp\/v2\/pages"}],"about":[{"href":"https:\/\/geologia.uct.cl\/index.php?rest_route=\/wp\/v2\/types\/page"}],"author":[{"embeddable":true,"href":"https:\/\/geologia.uct.cl\/index.php?rest_route=\/wp\/v2\/users\/1"}],"replies":[{"embeddable":true,"href":"https:\/\/geologia.uct.cl\/index.php?rest_route=%2Fwp%2Fv2%2Fcomments&post=48"}],"version-history":[{"count":32,"href":"https:\/\/geologia.uct.cl\/index.php?rest_route=\/wp\/v2\/pages\/48\/revisions"}],"predecessor-version":[{"id":1190,"href":"https:\/\/geologia.uct.cl\/index.php?rest_route=\/wp\/v2\/pages\/48\/revisions\/1190"}],"wp:attachment":[{"href":"https:\/\/geologia.uct.cl\/index.php?rest_route=%2Fwp%2Fv2%2Fmedia&parent=48"}],"curies":[{"name":"wp","href":"https:\/\/api.w.org\/{rel}","templated":true}]}}