{"id":1307,"date":"2015-08-26T14:47:58","date_gmt":"2015-08-26T14:47:58","guid":{"rendered":"http:\/\/rdasociados.cl\/test\/uct_geol\/?page_id=1307"},"modified":"2015-11-01T00:41:53","modified_gmt":"2015-11-01T00:41:53","slug":"inicio","status":"publish","type":"page","link":"https:\/\/geologia.uct.cl\/","title":{"rendered":"Inicio"},"content":{"rendered":"<div class=\"vc_row wpb_row vc_row-fluid\"><div class=\"wpb_column vc_column_container vc_col-sm-12\"><div class=\"wpb_wrapper\"><h2 style=\"text-align: left;font-family:Ubuntu;font-weight:400;font-style:normal\" class=\"vc_custom_heading\">Noticias<\/h2><\/div><\/div><\/div><div class=\"vc_row wpb_row vc_row-fluid\"><div class=\"wpb_column vc_column_container vc_col-sm-8\"><div class=\"wpb_wrapper\"><!-- vc_grid start -->\n<div class=\"vc_grid-container-wrapper vc_clearfix\">\n\t<div class=\"vc_grid-container vc_clearfix wpb_content_element vc_masonry_grid\"\n\t     data-vc-grid-settings=\"{&quot;page_id&quot;:1307,&quot;style&quot;:&quot;all-masonry&quot;,&quot;action&quot;:&quot;vc_get_vc_grid_data&quot;,&quot;animation_in&quot;:&quot;zoomIn&quot;,&quot;shortcode_id&quot;:&quot;1440474809104-23466986-0548-5&quot;,&quot;tag&quot;:&quot;vc_masonry_grid&quot;}\"\n\t     data-vc-request=\"\/wp-admin\/admin-ajax.php\"\n\t     data-vc-post-id=\"1307\">\n\t<\/div>\n<\/div><!-- vc_grid end --><\/div><\/div><div class=\"wpb_column vc_column_container vc_col-sm-4\"><div class=\"wpb_wrapper\">\n\t<div class=\"wpb_widgetised_column wpb_content_element\">\n\t\t<div class=\"wpb_wrapper\">\n\t\t\t\n\t\t\t<div id=\"text-12\" class=\"widget widget_text clearfix\">\t\t\t<div class=\"textwidget\"><iframe src=\"\/\/www.facebook.com\/plugins\/likebox.php?href=https%3A%2F%2Fwww.facebook.com%2Fuctgeologia%3Fref%3Dhl&amp;width=288&amp;height=220&amp;colorscheme=light&amp;show_faces=true&amp;header=true&amp;stream=false&amp;show_border=true\" scrolling=\"no\" frameborder=\"0\" style=\"border:none; overflow:hidden; width:100%; height:220px;\" allowTransparency=\"true\"><\/iframe><\/div>\n\t\t<\/div><div id=\"text-11\" class=\"widget widget_text clearfix\"><h4 class=\"widget-title\">Consultoras de Geolog\u00eda<\/h4>\t\t\t<div class=\"textwidget\"><div class=\"col_full\">\r\n <a href=\"http:\/\/www.geoconsultoras.cl\">\r\n  <img decoding=\"async\" width=\"100%\"  src=\"wp-content\/uploads\/2014\/07\/GEO.jpg\">\r\n <\/a>\r\n<\/div><\/div>\n\t\t<\/div>\n\t\t<\/div>\n\t<\/div>\n<\/div><\/div><\/div><div class=\"vc_row wpb_row vc_row-fluid\"><div class=\"wpb_column vc_column_container vc_col-sm-12\"><div class=\"wpb_wrapper\"><div class=\"vc_separator wpb_content_element vc_separator_align_center vc_sep_width_100 vc_sep_pos_align_center vc_separator_no_text vc_sep_color_grey\"><span\n\t\tclass=\"vc_sep_holder vc_sep_holder_l\"><span\t\t\tclass=\"vc_sep_line\"><\/span><\/span><span\n\t\tclass=\"vc_sep_holder vc_sep_holder_r\"><span class=\"vc_sep_line\"><\/span><\/span>\n\t<\/div><\/div><\/div><\/div><div class=\"vc_row wpb_row vc_row-fluid\"><div class=\"wpb_column vc_column_container vc_col-sm-12\"><div class=\"wpb_wrapper\"><h2 style=\"text-align: left;font-family:Ubuntu;font-weight:400;font-style:normal\" class=\"vc_custom_heading\">Informaci\u00f3n de la Carrera<\/h2><\/div><\/div><\/div><div class=\"vc_row wpb_row vc_row-fluid\"><div class=\"wpb_column vc_column_container vc_col-sm-8\"><div class=\"wpb_wrapper\"><div class=\"vc_tta-container\" data-vc-action=\"collapse\"><div class=\"vc_general vc_tta vc_tta-tabs vc_tta-color-grey vc_tta-style-classic vc_tta-shape-rounded vc_tta-spacing-1 vc_tta-tabs-position-top vc_tta-controls-align-left\"><div class=\"vc_tta-tabs-container\"><ul class=\"vc_tta-tabs-list\"><li class=\"vc_tta-tab vc_active\" data-vc-tab><a href=\"#1446338000482-de4da79b-a3c2\" data-vc-tabs data-vc-container=\".vc_tta\"><span class=\"vc_tta-title-text\">Perfil<\/span><\/a><\/li><li class=\"vc_tta-tab\" data-vc-tab><a href=\"#1446338000642-66b73eb7-18e4\" data-vc-tabs data-vc-container=\".vc_tta\"><span class=\"vc_tta-title-text\">Campo Ocupacional<\/span><\/a><\/li><li class=\"vc_tta-tab\" data-vc-tab><a href=\"#1446338090571-68d28282-bcb2\" data-vc-tabs data-vc-container=\".vc_tta\"><span class=\"vc_tta-title-text\">Ponderaciones<\/span><\/a><\/li><\/ul><\/div><div class=\"vc_tta-panels-container\"><div class=\"vc_tta-panels\"><div class=\"vc_tta-panel vc_active\" id=\"1446338000482-de4da79b-a3c2\" data-vc-content=\".vc_tta-panel-body\"><div class=\"vc_tta-panel-heading\"><h4 class=\"vc_tta-panel-title\"><a href=\"#1446338000482-de4da79b-a3c2\" data-vc-accordion data-vc-container=\".vc_tta-container\"><span class=\"vc_tta-title-text\">Perfil<\/span><\/a><\/h4><\/div><div class=\"vc_tta-panel-body\">\n\t<div class=\"wpb_text_column wpb_content_element \">\n\t\t<div class=\"wpb_wrapper\">\n\t\t\t<p><a href=\"https:\/\/geologia.uct.cl\/wp-content\/uploads\/2015\/08\/1.jpg\"><img loading=\"lazy\" decoding=\"async\" class=\"size-full wp-image-1340 alignleft\" src=\"https:\/\/geologia.uct.cl\/wp-content\/uploads\/2015\/08\/1.jpg\" alt=\"1\" width=\"200\" height=\"200\" srcset=\"https:\/\/geologia.uct.cl\/wp-content\/uploads\/2015\/08\/1.jpg 300w, https:\/\/geologia.uct.cl\/wp-content\/uploads\/2015\/08\/1-150x150.jpg 150w\" sizes=\"(max-width: 200px) 100vw, 200px\" \/><\/a>La carrera abarca diversos \u00e1mbitos, desde temas relacionados con recursos econ\u00f3micos (miner\u00eda, geotermia, hidrogeolog\u00eda) hasta otros relacionados con la geolog\u00eda aplicada, como la evaluaci\u00f3n de riesgos (s\u00edsmicos, volc\u00e1nicos, deslizamientos de laderas, etc.). Dada la ubicaci\u00f3n geogr\u00e1fica de la zona, sus recursos naturales y los riesgos asociados a su morfolog\u00eda, la carrera apunta a ser un apoyo en la generaci\u00f3n de estudios que mitiguen los desastres provocados por la naturaleza y se aprovechen mejor los recursos energ\u00e9ticos renovables.<\/p>\n\n\t\t<\/div>\n\t<\/div>\n<\/div><\/div><div class=\"vc_tta-panel\" id=\"1446338000642-66b73eb7-18e4\" data-vc-content=\".vc_tta-panel-body\"><div class=\"vc_tta-panel-heading\"><h4 class=\"vc_tta-panel-title\"><a href=\"#1446338000642-66b73eb7-18e4\" data-vc-accordion data-vc-container=\".vc_tta-container\"><span class=\"vc_tta-title-text\">Campo Ocupacional<\/span><\/a><\/h4><\/div><div class=\"vc_tta-panel-body\">\n\t<div class=\"wpb_text_column wpb_content_element \">\n\t\t<div class=\"wpb_wrapper\">\n\t\t\t<p><a href=\"https:\/\/geologia.uct.cl\/wp-content\/uploads\/2015\/08\/geologia.jpg\"><img loading=\"lazy\" decoding=\"async\" class=\"size-full wp-image-1342 alignleft\" src=\"https:\/\/geologia.uct.cl\/wp-content\/uploads\/2015\/08\/geologia.jpg\" alt=\"geologia\" width=\"200\" height=\"200\" \/><\/a>El profesional podr\u00e1 desempe\u00f1arse en la industria minera, en hidrogeolog\u00eda, geolog\u00eda ambiental, geolog\u00eda aplicada a la ingenier\u00eda, recursos energ\u00e9ticos renovables, entre otros \u00e1mbitos.<\/p>\n\n\t\t<\/div>\n\t<\/div>\n<\/div><\/div><div class=\"vc_tta-panel\" id=\"1446338090571-68d28282-bcb2\" data-vc-content=\".vc_tta-panel-body\"><div class=\"vc_tta-panel-heading\"><h4 class=\"vc_tta-panel-title\"><a href=\"#1446338090571-68d28282-bcb2\" data-vc-accordion data-vc-container=\".vc_tta-container\"><span class=\"vc_tta-title-text\">Ponderaciones<\/span><\/a><\/h4><\/div><div class=\"vc_tta-panel-body\">\n\t<div class=\"wpb_text_column wpb_content_element \">\n\t\t<div class=\"wpb_wrapper\">\n\t\t\t<p><a href=\"https:\/\/geologia.uct.cl\/wp-content\/uploads\/2015\/08\/ponderaciones.jpg\"><img loading=\"lazy\" decoding=\"async\" class=\"size-full wp-image-1343 alignleft\" src=\"https:\/\/geologia.uct.cl\/wp-content\/uploads\/2015\/08\/ponderaciones.jpg\" alt=\"ponderaciones\" width=\"200\" height=\"200\" srcset=\"https:\/\/geologia.uct.cl\/wp-content\/uploads\/2015\/08\/ponderaciones.jpg 300w, https:\/\/geologia.uct.cl\/wp-content\/uploads\/2015\/08\/ponderaciones-150x150.jpg 150w\" sizes=\"(max-width: 200px) 100vw, 200px\" \/><\/a>NEM: 10%<\/p>\n<p>Ranking: 40%<\/p>\n<p>Lenguaje y Comunicaci\u00f3n: 15%<\/p>\n<p>Matem\u00e1tica: 25%<\/p>\n<p>Historia y Cs. Sociales o Ciencias: 10%<\/p>\n\n\t\t<\/div>\n\t<\/div>\n<\/div><\/div><\/div><\/div><\/div><\/div><\/div><\/div><div class=\"wpb_column vc_column_container vc_col-sm-4\"><div class=\"wpb_wrapper\">\n\t<div class=\"wpb_text_column wpb_content_element \">\n\t\t<div class=\"wpb_wrapper\">\n\t\t\t<p>T\u00cdTULO PROFESIONAL Y GRADO ACAD\u00c9MICO<br \/>\nGe\u00f3logo<br \/>\nLicenciado en Geolog\u00eda<\/p>\n<p>DURACI\u00d3N<br \/>\n10 semestres acad\u00e9micos<\/p>\n<p>R\u00c9GIMEN DE ESTUDIOS<br \/>\nSemestral, diurno<\/p>\n<p>C\u00d3DIGO DE CARRERA<br \/>\n37069<\/p>\n\n\t\t<\/div>\n\t<\/div>\n<\/div><\/div><\/div>\n","protected":false},"excerpt":{"rendered":"Noticias Consultoras de Geolog\u00eda Informaci\u00f3n de la CarreraPerfilCampo OcupacionalPonderacionesPerfil La carrera abarca diversos \u00e1mbitos, desde temas relacionados con recursos econ\u00f3micos (miner\u00eda, geotermia, hidrogeolog\u00eda) hasta otros relacionados con la geolog\u00eda aplicada, como la evaluaci\u00f3n de riesgos (s\u00edsmicos, volc\u00e1nicos, deslizamientos de laderas, etc.). Dada la ubicaci\u00f3n geogr\u00e1fica de la zona, sus recursos naturales y los riesgos asociados a su morfolog\u00eda, la carrera apunta a ser un apoyo en la generaci\u00f3n de estudios [...]","protected":false},"author":1,"featured_media":0,"parent":0,"menu_order":0,"comment_status":"closed","ping_status":"closed","template":"template-slider.php","meta":{"_exactmetrics_skip_tracking":false,"_exactmetrics_sitenote_active":false,"_exactmetrics_sitenote_note":"","_exactmetrics_sitenote_category":0,"footnotes":""},"class_list":["post-1307","page","type-page","status-publish","hentry"],"_links":{"self":[{"href":"https:\/\/geologia.uct.cl\/index.php?rest_route=\/wp\/v2\/pages\/1307"}],"collection":[{"href":"https:\/\/geologia.uct.cl\/index.php?rest_route=\/wp\/v2\/pages"}],"about":[{"href":"https:\/\/geologia.uct.cl\/index.php?rest_route=\/wp\/v2\/types\/page"}],"author":[{"embeddable":true,"href":"https:\/\/geologia.uct.cl\/index.php?rest_route=\/wp\/v2\/users\/1"}],"replies":[{"embeddable":true,"href":"https:\/\/geologia.uct.cl\/index.php?rest_route=%2Fwp%2Fv2%2Fcomments&post=1307"}],"version-history":[{"count":11,"href":"https:\/\/geologia.uct.cl\/index.php?rest_route=\/wp\/v2\/pages\/1307\/revisions"}],"predecessor-version":[{"id":1345,"href":"https:\/\/geologia.uct.cl\/index.php?rest_route=\/wp\/v2\/pages\/1307\/revisions\/1345"}],"wp:attachment":[{"href":"https:\/\/geologia.uct.cl\/index.php?rest_route=%2Fwp%2Fv2%2Fmedia&parent=1307"}],"curies":[{"name":"wp","href":"https:\/\/api.w.org\/{rel}","templated":true}]}}