{"id":1019,"date":"2014-06-06T00:38:25","date_gmt":"2014-06-06T00:38:25","guid":{"rendered":"http:\/\/keed.cl\/geologia\/?page_id=1019"},"modified":"2014-07-13T21:23:06","modified_gmt":"2014-07-13T21:23:06","slug":"preguntas-frecuentes","status":"publish","type":"page","link":"https:\/\/geologia.uct.cl\/?page_id=1019","title":{"rendered":"Preguntas Frecuentes"},"content":{"rendered":"<div class=\"col_full\">\n<p style=\"text-align: justify;\">A continuaci\u00f3n podr\u00e1s tener respuesta a preguntas frecuentes de la carrera de Geolog\u00eda:<\/p>\n<div class=\"col_full\">\n<dl>\n<dt><strong>\u00bfQu\u00e9 es la geolog\u00eda?, \u00bfQu\u00e9 es lo que se ense\u00f1a?<\/strong><\/dt>\n<dd style=\"text-align: justify;\">La Geolog\u00eda es la ciencia que estudia la Tierra. Ella agrupa y utiliza un gran n\u00famero de l\u00edneas de investigaci\u00f3n, tales como: geolog\u00eda econ\u00f3mica, estratigraf\u00eda, petrolog\u00eda, geolog\u00eda ambiental, etc.<\/p>\n<p>La actividad del ge\u00f3logo consiste, principalmente, en realizar estudios con \u00e9nfasis en la b\u00fasqueda y evaluaci\u00f3n de recursos minerales, h\u00eddricos o de combustibles f\u00f3siles (carb\u00f3n, petr\u00f3leo), as\u00ed como tambi\u00e9n al an\u00e1lisis de suelos para fundaciones de obras de ingenier\u00eda. Tambi\u00e9n se desempe\u00f1a como investigador de los fen\u00f3menos naturales (como temblores y erupciones volc\u00e1nicas) y en la evaluaci\u00f3n del impacto ambiental<\/dd>\n<\/dl>\n<dl>\n<dt><strong>\u00bfLa carrera est\u00e1 acreditada?<\/strong><\/dt>\n<dd style=\"text-align: justify;\">No, la carrera puede acreditarse luego de la primera generaci\u00f3n de titulados<\/dd>\n<\/dl>\n<dl>\n<dt><strong>\u00bfTienen terrenos?<\/strong><\/dt>\n<dd style=\"text-align: justify;\">Si, una parte importante de la formaci\u00f3n del ge\u00f3logo de la UCT es poner en pr\u00e1ctica sus conocimientos adquiridos en las aulas de clases.<\/dd>\n<\/dl>\n<dl>\n<dt><strong>\u00bfLos Ge\u00f3logos s\u00f3lo se dedican a la miner\u00eda?<\/strong><\/dt>\n<dd style=\"text-align: justify;\">No, la carrera de geolog\u00eda es muy amplia. En ella se estudian desde procesos relacionados con la formaci\u00f3n de la morfolog\u00eda terrestre y submarina, peligros y riesgos geol\u00f3gicos, mejor aprovechamiento de nuestros recursos energ\u00e9ticos, minerales, h\u00eddricos, entre otros.<\/dd>\n<\/dl>\n<dl>\n<dt><strong>\u00bfCu\u00e1les son las ventajas de estudiar en la UCT comparado con otras instituciones que imparten esta disciplina?<\/strong><\/dt>\n<dd style=\"text-align: justify;\">1. La carrera tiene 10 semestres de duraci\u00f3n.<br \/>2. Tiene un enfoque en la macro zona sur (aunque igualmente pudieses trabajar a lo largo de todo Chile).<br \/>3. Su malla contiene una variedad de cursos que te distinguen de otros profesionales ge\u00f3logos.<br \/>4. Aranceles m\u00e1s bajos (sin descuidar la excelencia), con variedad de becas.<br \/>5. Desde el primer semestre ya empiezas con cursos de la disciplina.<\/dd>\n<\/dl>\n<\/div>\n","protected":false},"excerpt":{"rendered":"<p>A continuaci\u00f3n podr\u00e1s tener respuesta a preguntas frecuentes de la carrera de Geolog\u00eda: \u00bfQu\u00e9 es la geolog\u00eda?, \u00bfQu\u00e9 es lo que se ense\u00f1a? La Geolog\u00eda es la ciencia que estudia la Tierra. Ella agrupa y utiliza un gran n\u00famero de l\u00edneas de investigaci\u00f3n, tales como: geolog\u00eda econ\u00f3mica, estratigraf\u00eda, petrolog\u00eda, geolog\u00eda ambiental, etc. La actividad del ge\u00f3logo consiste, principalmente, en realizar estudios con \u00e9nfasis en la b\u00fasqueda y evaluaci\u00f3n de recursos [&hellip;]<\/p>\n","protected":false},"author":1,"featured_media":0,"parent":0,"menu_order":0,"comment_status":"open","ping_status":"open","template":"","meta":{"_exactmetrics_skip_tracking":false,"_exactmetrics_sitenote_active":false,"_exactmetrics_sitenote_note":"","_exactmetrics_sitenote_category":0,"footnotes":""},"class_list":["post-1019","page","type-page","status-publish","hentry"],"_links":{"self":[{"href":"https:\/\/geologia.uct.cl\/index.php?rest_route=\/wp\/v2\/pages\/1019"}],"collection":[{"href":"https:\/\/geologia.uct.cl\/index.php?rest_route=\/wp\/v2\/pages"}],"about":[{"href":"https:\/\/geologia.uct.cl\/index.php?rest_route=\/wp\/v2\/types\/page"}],"author":[{"embeddable":true,"href":"https:\/\/geologia.uct.cl\/index.php?rest_route=\/wp\/v2\/users\/1"}],"replies":[{"embeddable":true,"href":"https:\/\/geologia.uct.cl\/index.php?rest_route=%2Fwp%2Fv2%2Fcomments&post=1019"}],"version-history":[{"count":12,"href":"https:\/\/geologia.uct.cl\/index.php?rest_route=\/wp\/v2\/pages\/1019\/revisions"}],"predecessor-version":[{"id":1087,"href":"https:\/\/geologia.uct.cl\/index.php?rest_route=\/wp\/v2\/pages\/1019\/revisions\/1087"}],"wp:attachment":[{"href":"https:\/\/geologia.uct.cl\/index.php?rest_route=%2Fwp%2Fv2%2Fmedia&parent=1019"}],"curies":[{"name":"wp","href":"https:\/\/api.w.org\/{rel}","templated":true}]}}